{"id":3,"date":"2018-09-18T11:06:58","date_gmt":"2018-09-18T09:06:58","guid":{"rendered":"http:\/\/www.pharmin.sk\/?page_id=3"},"modified":"2018-10-18T18:22:00","modified_gmt":"2018-10-18T16:22:00","slug":"ochrana-sukromia","status":"publish","type":"page","link":"https:\/\/www.pharmin.sk\/sk\/ochrana-sukromia\/","title":{"rendered":"Z\u00e1sady ochrany osobn\u00fdch \u00fadajov"},"content":{"rendered":"<p class=\"p1\"><span class=\"s1\">Spolo\u010dnos\u0165 Pharm-In, spol. s\u00a0r.o., s\u00eddlom CBC V\u00a0Karad\u017ei\u010dova 16, 821 08 Bratislava, I\u010cO: 44\u00a0186\u00a0436, zap\u00edsan\u00e1 v\u00a0obchodnom registri Okresn\u00e9ho s\u00fadu Bratislava I, odd. Sro, vlo\u017eka \u010d. 52469\/B, telef\u00f3n: 0917 495\u00a0725, e-mail: pharmin@pharmin.sk, internetov\u00e1 str\u00e1nka: www.pharmin.sk ako prev\u00e1dzkovate\u013e<\/span><span class=\"s2\"> (\u010falej aj ako \u201ePrev\u00e1dzkovate\u013e\u201c) pova\u017euje Va\u0161e s\u00fakromie za d\u00f4le\u017eit\u00e9. Preto vytvoril z\u00e1sady ochrany osobn\u00fdch \u00fadajov, v ktor\u00fdch je uveden\u00fd sp\u00f4sob zhroma\u017e\u010fovania, pou\u017e\u00edvania, zverej\u0148ovania, pren\u00e1\u0161ania a uchov\u00e1vania Va\u0161ich osobn\u00fdch \u00fadajov.<\/span><\/p>\n<h3 class=\"p1 title-2\"><span class=\"s2\"><b>Zoznam osobn\u00fdch \u00fadajov,\u00a0rozsah spracovania a\u00a0\u00fa\u010del spracovania <\/b><\/span><\/h3>\n<p class=\"p1\"><span class=\"s1\">Vo vz\u0165ahu k\u00a0z\u00e1ujemcom o\u00a0zamestnanie s\u00fa predmetom sprac\u00favania ni\u017e\u0161ie \u0161pecifikovan\u00e9 osobn\u00e9 \u00fadaje na nasleduj\u00face \u00fa\u010dely:<\/span><\/p>\n<p class=\"p1\"><span class=\"s1\">a) \u00fa\u010das\u0165 na pohovore, pri\u010dom sprac\u00favan\u00fdmi osobn\u00fdmi \u00fadajmi s\u00fa: meno, priezvisko a titul, trval\u00e9 bydlisko, s\u00fakromn\u00fd e-mail a\u00a0telef\u00f3n a\u00a0\u00fadaje uveden\u00e9 uch\u00e1dza\u010dom o\u00a0zamestnanie v\u00a0\u017eivotopise, v\u00a0motiva\u010dnom liste<\/span><span class=\"s2\">. Poskytnutie osobn\u00fdch \u00fadajov v\u00a0rozsahu uvedenom vy\u0161\u0161ie je potrebn\u00e9 na plnenie predzmluvn\u00fdch vz\u0165ahov, a\u00a0to v\u00a0zmysle \u00a7 13 ods. 1 p\u00edsm. b) z\u00e1kona<span class=\"Apple-converted-space\">\u00a0 <\/span>\u010d. 18\/2018 Z.z. v\u00a0planom znen\u00ed (\u010falej len ako \u201eZ\u00e1kon\u201c) a \u010dl\u00e1nku 6 ods. 1 p\u00edsm. b) nariadenia Eur\u00f3pskeho parlamentu a\u00a0rady (E\u00da) 2016\/679 o\u00a0ochrane fyzick\u00fdch os\u00f4b pri sprac\u00favan\u00ed osobn\u00fdch \u00fadajov a\u00a0o\u00a0vo\u013enom pohybe tak\u00fdchto \u00fadajov (\u010falej len ako \u201eNariadenie\u201c). Poskytnutie uveden\u00fdch \u00fadajov je dobrovo\u013en\u00e9 a\u00a0nie ste povinn\u00fd ich poskytn\u00fa\u0165. S\u00fa v\u0161ak nevyhnutn\u00e9 na plnenie predzmluvn\u00e9ho vz\u0165ahu t\u00fdkaj\u00faceho sa plnenia pracovnopr\u00e1vnych<span class=\"Apple-converted-space\">\u00a0 <\/span>povinnost\u00ed a\u00a0bez ich poskytnutia nie je mo\u017en\u00e9 zmluvu uzatvori\u0165.<\/span><\/p>\n<p class=\"p1\"><span class=\"s1\">b) vedenia v\u00a0datab\u00e1ze uch\u00e1dza\u010dov o\u00a0zamestnanie, pri\u010dom sprac\u00favan\u00fdmi osobn\u00fdmi \u00fadajmi s\u00fa: meno, priezvisko a titul, s\u00fakromn\u00fd e-mail a\u00a0telef\u00f3n a\u00a0\u00fadaje uveden\u00e9 uch\u00e1dza\u010dom o\u00a0zamestnanie v\u00a0\u017eivotopise, v\u00a0motiva\u010dnom liste. <\/span><span class=\"s2\">Ak ned\u00f4jde k\u00a0vzniku pracovnopr\u00e1vneho vz\u0165ahu a\u00a0m\u00e1te z\u00e1ujem osta\u0165 v\u00a0datab\u00e1ze z\u00e1ujemcov o\u00a0pr\u00e1cu, poskytnutie osobn\u00fdch \u00fadajov je potrebn\u00e9 v zmysle \u00a7 13 ods. 1 p\u00edsm. a) z\u00e1kona<span class=\"Apple-converted-space\">\u00a0 <\/span>a \u010dl\u00e1nku 6 ods. 1 p\u00edsm. a) a \u010dl\u00e1nku 7 Nariadenia. Poskytnutie uveden\u00fdch \u00fadajov je dobrovo\u013en\u00e9 a\u00a0nie ste povinn\u00fd ich poskytn\u00fa\u0165. S\u00fa v\u0161ak nevyhnutn\u00e9 na zasielanie pon\u00fak na pr\u00e1cu a\u00a0bez ich poskytnutia uveden\u00e9 inform\u00e1cie nedostanete. <\/span><span class=\"s1\">Dan\u00e9 osobn\u00e9 \u00fadaje bud\u00fa uchovan\u00e9 po dobu 12 mesiacov. Po uplynut\u00ed tejto doby bud\u00fa zlikvidovan\u00e9. <\/span><\/p>\n<p class=\"p1\"><span class=\"s1\">Z\u00edskan\u00e9 osobn\u00e9 \u00fadaje nepodliehaj\u00fa profilovaniu ani automatizovan\u00e9mu rozhodovaniu. Prev\u00e1dzkovate\u013e nezam\u00fd\u0161\u013ea prenos osobn\u00fdch \u00fadajov do tretej krajiny ani medzin\u00e1rodnej organiz\u00e1cii. Prev\u00e1dzkovate\u013e m\u00f4\u017ee poskytn\u00fa\u0165 Va\u0161e osobn\u00e9 \u00fadaje osobe zabezpe\u010duj\u00facej person\u00e1lne a\u00a0mzdov\u00e9 slu\u017eby a\u00a0subjektom opr\u00e1vnen\u00fdm pod\u013ea osobitn\u00fdch predpisov (napr. Soci\u00e1lna pois\u0165ov\u0148a). S\u00fahlas m\u00f4\u017eete kedyko\u013evek odvola\u0165 zaslan\u00edm p\u00edsomn\u00e9ho odvolania s\u00fahlasu na adresu Pharm-In, spol. s\u00a0r.o., s\u00eddlom CBC V\u00a0Karad\u017ei\u010dova 16, 821 08 Bratislava.<span class=\"Apple-converted-space\">\u00a0 <\/span>Odvolanie s\u00fahlasu je \u00fa\u010dinn\u00e9 d\u0148om jeho doru\u010denia. Udelen\u00edm s\u00fahlasu nie s\u00fa dotknut\u00e9 Va\u0161e pr\u00e1va dotknutej osoby. <\/span><\/p>\n<p class=\"p1\"><span class=\"s1\">Na z\u00e1klade p\u00edsomnej \u017eiadosti alebo osobne u prev\u00e1dzkovate\u013ea m\u00e1te pr\u00e1vo:<\/span><\/p>\n<ul class=\"ul1\">\n<li class=\"li1\"><span class=\"s1\">\u017eiada\u0165 o pr\u00edstup k svojim osobn\u00fdm \u00fadajom a o opravu, vymazanie alebo obmedzenie sprac\u00favania svojich osobn\u00fdch \u00fadajov;<\/span><\/li>\n<li class=\"li1\"><span class=\"s1\">namieta\u0165 sprac\u00favanie svojich osobn\u00fdch \u00fadajov;<\/span><\/li>\n<li class=\"li1\"><span class=\"s1\">na prenosnos\u0165 osobn\u00fdch \u00fadajov;<\/span><\/li>\n<li class=\"li1\"><span class=\"s1\">svoj s\u00fahlas so zaraden\u00edm do datab\u00e1zy uch\u00e1dza\u010dov o\u00a0zamestnanie kedyko\u013evek odvola\u0165,<\/span><\/li>\n<li class=\"li3\"><span class=\"s1\">poda\u0165 n\u00e1vrh na za\u010datie konania na \u00darade na ochranu osobn\u00fdch \u00fadajov SR.<\/span><\/li>\n<\/ul>\n","protected":false},"excerpt":{"rendered":"<p>Spolo\u010dnos\u0165 Pharm-In, spol. s\u00a0r.o., s\u00eddlom CBC V\u00a0Karad\u017ei\u010dova 16, 821 08 Bratislava, I\u010cO: 44\u00a0186\u00a0436, zap\u00edsan\u00e1 v\u00a0obchodnom registri Okresn\u00e9ho s\u00fadu Bratislava I, odd. Sro, vlo\u017eka \u010d. 52469\/B, telef\u00f3n: 0917 495\u00a0725, e-mail: pharmin@pharmin.sk, internetov\u00e1 str\u00e1nka: www.pharmin.sk ako prev\u00e1dzkovate\u013e (\u010falej aj ako \u201ePrev\u00e1dzkovate\u013e\u201c) pova\u017euje Va\u0161e s\u00fakromie za d\u00f4le\u017eit\u00e9. Preto vytvoril z\u00e1sady ochrany osobn\u00fdch \u00fadajov, v ktor\u00fdch je uveden\u00fd sp\u00f4sob<\/p>\n","protected":false},"author":1,"featured_media":0,"parent":0,"menu_order":0,"comment_status":"closed","ping_status":"open","template":"template-pages\/page-default.php","meta":{"_acf_changed":false,"_monsterinsights_skip_tracking":false,"_monsterinsights_sitenote_active":false,"_monsterinsights_sitenote_note":"","_monsterinsights_sitenote_category":0,"footnotes":""},"class_list":["post-3","page","type-page","status-publish","hentry"],"acf":[],"_links":{"self":[{"href":"https:\/\/www.pharmin.sk\/sk\/wp-json\/wp\/v2\/pages\/3","targetHints":{"allow":["GET"]}}],"collection":[{"href":"https:\/\/www.pharmin.sk\/sk\/wp-json\/wp\/v2\/pages"}],"about":[{"href":"https:\/\/www.pharmin.sk\/sk\/wp-json\/wp\/v2\/types\/page"}],"author":[{"embeddable":true,"href":"https:\/\/www.pharmin.sk\/sk\/wp-json\/wp\/v2\/users\/1"}],"replies":[{"embeddable":true,"href":"https:\/\/www.pharmin.sk\/sk\/wp-json\/wp\/v2\/comments?post=3"}],"version-history":[{"count":0,"href":"https:\/\/www.pharmin.sk\/sk\/wp-json\/wp\/v2\/pages\/3\/revisions"}],"wp:attachment":[{"href":"https:\/\/www.pharmin.sk\/sk\/wp-json\/wp\/v2\/media?parent=3"}],"curies":[{"name":"wp","href":"https:\/\/api.w.org\/{rel}","templated":true}]}}