{"id":25,"date":"2018-09-18T13:32:14","date_gmt":"2018-09-18T11:32:14","guid":{"rendered":"http:\/\/www.pharmin.sk\/?page_id=25"},"modified":"2021-02-07T17:35:26","modified_gmt":"2021-02-07T16:35:26","slug":"skolenia","status":"publish","type":"page","link":"https:\/\/www.pharmin.sk\/sk\/skolenia\/","title":{"rendered":"\u0160kolenia"},"content":{"rendered":"<h2 class=\"title\">Odborn\u00e9 <span class=\"italic\">\u0161kolenia<\/span><\/h2>\n<p class=\"perex\">Poskytujeme otvoren\u00e9 ako aj uzatvoren\u00e9 (firemn\u00e9) \u0161kolenia pre jednotlivcov a skupiny:<\/p>\n<ul>\n<li>Market Access<\/li>\n<li>Z\u00e1klady kategoriz\u00e1cie a cenotvorby<\/li>\n<li>Z\u00e1klady farmakoekonomiky<\/li>\n<li>Farmakoekonomika pre pokro\u010dil\u00fdch<\/li>\n<li>Registr\u00e1cia liekov<\/li>\n<li>Z\u00e1klady farmakovigilancie<\/li>\n<li>Aplik\u00e1cie PHARM-In Apps<\/li>\n<\/ul>\n<h3 class=\"title-2\">Pre koho s\u00fa \u0161kolenia ur\u010den\u00e9?<\/h3>\n<p class=\"text-info\">\u0160kolenia s\u00fa vhodn\u00e9 pre pracovn\u00edkov <strong>farmaceutick\u00fdch spolo\u010dnost\u00ed a zdravotn\u00edckych in\u0161tit\u00faci\u00ed<\/strong>, ktor\u00ed sa potrebuj\u00fa lep\u0161ie orientova\u0165 v uveden\u00fdch oblastiach.<\/p>\n<h2 class=\"title-2\">D\u013a\u017eka trvania \u0161kolen\u00ed<\/h2>\n<p class=\"text\">\u0160tandardn\u00e9 \u0161kolenia trvaj\u00fa 2 dni, av\u0161ak d\u013a\u017eku \u0161kolenia je mo\u017en\u00e9 po vz\u00e1jomnej dohode upravi\u0165 pod\u013ea pokro\u010dilosti a potreby \u00fa\u010dastn\u00edkov.<\/p>\n<p class=\"text\">S\u00fa\u010das\u0165ou \u0161kolen\u00ed je teoretick\u00e1 pr\u00edprava, v\u00fdklad aktu\u00e1lnej legislat\u00edvy a metodiky a tie\u017e praktick\u00e9 cvi\u010denia, ktor\u00e9 \u00fa\u010dastn\u00edkom umo\u017enia samostatn\u00fa pr\u00e1cu v oblasti registr\u00e1cie, resp. kategoriz\u00e1cie liekov a z\u00e1kladn\u00fa orient\u00e1ciu vo farmakoekonomick\u00fdch anal\u00fdzach.<\/p>\n","protected":false},"excerpt":{"rendered":"<p>Odborn\u00e9 \u0161kolenia Poskytujeme otvoren\u00e9 ako aj uzatvoren\u00e9 (firemn\u00e9) \u0161kolenia pre jednotlivcov a skupiny: Market Access Z\u00e1klady kategoriz\u00e1cie a cenotvorby Z\u00e1klady farmakoekonomiky Farmakoekonomika pre pokro\u010dil\u00fdch Registr\u00e1cia liekov Z\u00e1klady farmakovigilancie Aplik\u00e1cie PHARM-In Apps Pre koho s\u00fa \u0161kolenia ur\u010den\u00e9? \u0160kolenia s\u00fa vhodn\u00e9 pre pracovn\u00edkov farmaceutick\u00fdch spolo\u010dnost\u00ed a zdravotn\u00edckych in\u0161tit\u00faci\u00ed, ktor\u00ed sa potrebuj\u00fa lep\u0161ie orientova\u0165 v uveden\u00fdch oblastiach. D\u013a\u017eka<\/p>\n","protected":false},"author":1,"featured_media":723,"parent":0,"menu_order":0,"comment_status":"closed","ping_status":"closed","template":"template-pages\/page-courses.php","meta":{"_acf_changed":false,"_monsterinsights_skip_tracking":false,"_monsterinsights_sitenote_active":false,"_monsterinsights_sitenote_note":"","_monsterinsights_sitenote_category":0,"footnotes":""},"class_list":["post-25","page","type-page","status-publish","has-post-thumbnail","hentry"],"acf":[],"_links":{"self":[{"href":"https:\/\/www.pharmin.sk\/sk\/wp-json\/wp\/v2\/pages\/25","targetHints":{"allow":["GET"]}}],"collection":[{"href":"https:\/\/www.pharmin.sk\/sk\/wp-json\/wp\/v2\/pages"}],"about":[{"href":"https:\/\/www.pharmin.sk\/sk\/wp-json\/wp\/v2\/types\/page"}],"author":[{"embeddable":true,"href":"https:\/\/www.pharmin.sk\/sk\/wp-json\/wp\/v2\/users\/1"}],"replies":[{"embeddable":true,"href":"https:\/\/www.pharmin.sk\/sk\/wp-json\/wp\/v2\/comments?post=25"}],"version-history":[{"count":0,"href":"https:\/\/www.pharmin.sk\/sk\/wp-json\/wp\/v2\/pages\/25\/revisions"}],"wp:featuredmedia":[{"embeddable":true,"href":"https:\/\/www.pharmin.sk\/sk\/wp-json\/wp\/v2\/media\/723"}],"wp:attachment":[{"href":"https:\/\/www.pharmin.sk\/sk\/wp-json\/wp\/v2\/media?parent=25"}],"curies":[{"name":"wp","href":"https:\/\/api.w.org\/{rel}","templated":true}]}}