{"id":23,"date":"2018-09-18T13:32:14","date_gmt":"2018-09-18T11:32:14","guid":{"rendered":"http:\/\/www.pharmin.sk\/?page_id=23"},"modified":"2019-06-05T14:46:35","modified_gmt":"2019-06-05T12:46:35","slug":"pharm-in-apps","status":"publish","type":"page","link":"https:\/\/www.pharmin.sk\/sk\/pharm-in-apps\/","title":{"rendered":"Pharm-In apps"},"content":{"rendered":"<h2 class=\"title\">Z\u00e1kladn\u00e1 v\u00fdbava pre pr\u00e1cu<br \/>\n<span class=\"italic\">v\u00a0Market Access<\/span><\/h2>\n<p class=\"perex\">Zaber\u00e1 v\u00e1m sledovanie cien liekov ve\u013ea \u010dasu? Zd\u00e1 sa v\u00e1m syst\u00e9m cenotvorby a \u00fahrad liekov zlo\u017eit\u00fd a nepreh\u013eadn\u00fd? Nem\u00e1te \u010das na ka\u017edodenn\u00e9 sledovanie zmien na elektronickom port\u00e1li MZ SR?<\/p>\n<p>Pon\u00fakame v\u00e1m rie\u0161enia, ktor\u00e9 u\u0161etria v\u00e1\u0161 \u010das a pom\u00f4\u017eu v\u00e1m r\u00fdchlo sa zorientova\u0165 v cenotvorbe a prebiehaj\u00facich konaniach &#8211; aplik\u00e1cie Pharm-In Apps. <a href=\"https:\/\/www.pharminapps.sk\/\">Viac inform\u00e1ci\u00ed <\/a><\/p>\n","protected":false},"excerpt":{"rendered":"<p>Z\u00e1kladn\u00e1 v\u00fdbava pre pr\u00e1cu v\u00a0Market Access Zaber\u00e1 v\u00e1m sledovanie cien liekov ve\u013ea \u010dasu? Zd\u00e1 sa v\u00e1m syst\u00e9m cenotvorby a \u00fahrad liekov zlo\u017eit\u00fd a nepreh\u013eadn\u00fd? Nem\u00e1te \u010das na ka\u017edodenn\u00e9 sledovanie zmien na elektronickom port\u00e1li MZ SR? Pon\u00fakame v\u00e1m rie\u0161enia, ktor\u00e9 u\u0161etria v\u00e1\u0161 \u010das a pom\u00f4\u017eu v\u00e1m r\u00fdchlo sa zorientova\u0165 v cenotvorbe a prebiehaj\u00facich konaniach &#8211; aplik\u00e1cie<\/p>\n","protected":false},"author":1,"featured_media":0,"parent":0,"menu_order":0,"comment_status":"closed","ping_status":"closed","template":"template-pages\/page-pharmapp.php","meta":{"_acf_changed":false,"_monsterinsights_skip_tracking":false,"_monsterinsights_sitenote_active":false,"_monsterinsights_sitenote_note":"","_monsterinsights_sitenote_category":0,"footnotes":""},"class_list":["post-23","page","type-page","status-publish","hentry"],"acf":[],"_links":{"self":[{"href":"https:\/\/www.pharmin.sk\/sk\/wp-json\/wp\/v2\/pages\/23","targetHints":{"allow":["GET"]}}],"collection":[{"href":"https:\/\/www.pharmin.sk\/sk\/wp-json\/wp\/v2\/pages"}],"about":[{"href":"https:\/\/www.pharmin.sk\/sk\/wp-json\/wp\/v2\/types\/page"}],"author":[{"embeddable":true,"href":"https:\/\/www.pharmin.sk\/sk\/wp-json\/wp\/v2\/users\/1"}],"replies":[{"embeddable":true,"href":"https:\/\/www.pharmin.sk\/sk\/wp-json\/wp\/v2\/comments?post=23"}],"version-history":[{"count":0,"href":"https:\/\/www.pharmin.sk\/sk\/wp-json\/wp\/v2\/pages\/23\/revisions"}],"wp:attachment":[{"href":"https:\/\/www.pharmin.sk\/sk\/wp-json\/wp\/v2\/media?parent=23"}],"curies":[{"name":"wp","href":"https:\/\/api.w.org\/{rel}","templated":true}]}}