{"id":1444,"date":"2018-11-06T09:59:10","date_gmt":"2018-11-06T08:59:10","guid":{"rendered":"http:\/\/www.pharmin.sk\/?page_id=1444"},"modified":"2018-11-06T09:59:55","modified_gmt":"2018-11-06T08:59:55","slug":"zasady-ochrany-osobnych-udajov","status":"publish","type":"page","link":"https:\/\/www.pharmin.sk\/sk\/zasady-ochrany-osobnych-udajov\/","title":{"rendered":"Z\u00e1sady ochrany osobn\u00fdch \u00fadajov"},"content":{"rendered":"<p>Spolo\u010dnos\u0165 Pharm-In, spol. s r.o., s\u00eddlom CBC V Karad\u017ei\u010dova 16, 821 08 Bratislava, I\u010cO: 44 186 436, zap\u00edsan\u00e1 v obchodnom registri Okresn\u00e9ho s\u00fadu Bratislava I, odd. Sro, vlo\u017eka \u010d. 52469\/B, e-mail: pharmin@pharmin.sk, internetov\u00e1 str\u00e1nka: www.pharmin.sk ako prev\u00e1dzkovate\u013e (\u010falej aj ako \u201ePrev\u00e1dzkovate\u013e\u201c) pova\u017euje Va\u0161e s\u00fakromie za d\u00f4le\u017eit\u00e9. Preto vytvoril z\u00e1sady ochrany osobn\u00fdch \u00fadajov, v ktor\u00fdch je uveden\u00fd sp\u00f4sob zhroma\u017e\u010fovania, pou\u017e\u00edvania, zverej\u0148ovania, pren\u00e1\u0161ania a uchov\u00e1vania Va\u0161ich osobn\u00fdch \u00fadajov.<\/p>\n<p>Na zasielanie inform\u00e1ci\u00ed o vlastn\u00fdch produktoch, slu\u017eb\u00e1ch, odborn\u00fdch publik\u00e1ci\u00e1ch, vedeck\u00fdch a nov\u00fdch poznatkoch, projektoch, reklamn\u00fdch inform\u00e1ci\u00e1ch a komunik\u00e1cii prev\u00e1dzkovate\u013ea s dotknutou osobou (marketingov\u00e9 \u00fa\u010dely) je potrebn\u00fd V\u00e1\u0161 s\u00fahlas s prij\u00edman\u00edm t\u00fdchto inform\u00e1ci\u00ed. V pr\u00edpade V\u00e1\u0161ho udelenia s\u00fahlasu, spolo\u010dnos\u0165 Pharm-In, spol. s r.o. pri zasielan\u00ed reklamy emailom vyu\u017e\u00edva Va\u0161e meno, priezvisko a e-mail.<\/p>\n<p>\u00da\u010delom spracovania \u00fadajov je zasielanie marketingov\u00fdch inform\u00e1ci\u00ed v zmysle \u010dl\u00e1nku 6 ods. 1 p\u00edsm. a) a \u010dl\u00e1nku 7 nariadenia Eur\u00f3pskeho parlamentu a rady (E\u00da) 2016\/679 o ochrane fyzick\u00fdch os\u00f4b pri sprac\u00favan\u00ed osobn\u00fdch \u00fadajov a o vo\u013enom pohybe tak\u00fdchto \u00fadajov. Poskytnutie uveden\u00fdch \u00fadajov je dobrovo\u013en\u00e9 a nie ste povinn\u00fd ich poskytn\u00fa\u0165. S\u00fa v\u0161ak nevyhnutn\u00e9 na prij\u00edmanie marketingov\u00fdch inform\u00e1ci\u00ed a bez ich poskytnutia uveden\u00e9 inform\u00e1cie neobdr\u017e\u00edte.<\/p>\n<p>Osobn\u00e9 \u00fadaje bud\u00fa uchovan\u00e9 po dobu 4 rokov. Po uplynut\u00ed tejto doby bud\u00fa zlikvidovan\u00e9. Z\u00edskan\u00e9 osobn\u00e9 \u00fadaje nepodliehaj\u00fa profilovaniu ani automatizovan\u00e9mu rozhodovaniu.<\/p>\n<p>Spolo\u010dnos\u0165 Pharm-In, spol. s r.o. nezam\u00fd\u0161\u013ea prenos osobn\u00fdch \u00fadajov do tretej krajiny ani medzin\u00e1rodnej organiz\u00e1cii. Poskytnutie osobn\u00fdch \u00fadajov, ako aj udelenie V\u00e1\u0161ho s\u00fahlasu s ich sprac\u00favan\u00edm je dobrovo\u013en\u00e9. Udelen\u00edm s\u00fahlasu nie s\u00fa dotknut\u00e9 Va\u0161e pr\u00e1va dotknutej osoby. Na z\u00e1klade p\u00edsomnej \u017eiadosti alebo osobne v spolo\u010dnosti Pharm-in, spol. s r.o. m\u00e1te pr\u00e1vo:<\/p>\n<p>1. \u017eiada\u0165 o pr\u00edstup k svojim osobn\u00fdm \u00fadajom a o opravu, vymazanie alebo obmedzenie sprac\u00favania svojich osobn\u00fdch \u00fadajov;<br \/>\n2. namieta\u0165 sprac\u00favanie svojich osobn\u00fdch \u00fadajov;<br \/>\n3. namieta\u0165 prenosnos\u0165 osobn\u00fdch \u00fadajov;<br \/>\n4. poda\u0165 n\u00e1vrh na za\u010datie konania na \u00darade na ochranu osobn\u00fdch \u00fadajov SR.<\/p>\n<p>Odvolanie s\u00fahlasu je \u00fa\u010dinn\u00e9 d\u0148om jeho doru\u010denia. S\u00fahlas m\u00f4\u017eete kedyko\u013evek odvola\u0165 zaslan\u00edm p\u00edsomn\u00e9ho odvolania s\u00fahlasu na adresu spolo\u010dnosti Pharm-In, spol. s r.o., s\u00eddlom CBC V Karad\u017ei\u010dova 16, 821 08 Bratislava alebo e-mailom na adresu pharmin@pharmin.sk.<\/p>\n","protected":false},"excerpt":{"rendered":"<p>Spolo\u010dnos\u0165 Pharm-In, spol. s r.o., s\u00eddlom CBC V Karad\u017ei\u010dova 16, 821 08 Bratislava, I\u010cO: 44 186 436, zap\u00edsan\u00e1 v obchodnom registri Okresn\u00e9ho s\u00fadu Bratislava I, odd. Sro, vlo\u017eka \u010d. 52469\/B, e-mail: pharmin@pharmin.sk, internetov\u00e1 str\u00e1nka: www.pharmin.sk ako prev\u00e1dzkovate\u013e (\u010falej aj ako \u201ePrev\u00e1dzkovate\u013e\u201c) pova\u017euje Va\u0161e s\u00fakromie za d\u00f4le\u017eit\u00e9. Preto vytvoril z\u00e1sady ochrany osobn\u00fdch \u00fadajov, v ktor\u00fdch je<\/p>\n","protected":false},"author":3,"featured_media":0,"parent":0,"menu_order":0,"comment_status":"closed","ping_status":"closed","template":"","meta":{"_acf_changed":false,"_monsterinsights_skip_tracking":false,"_monsterinsights_sitenote_active":false,"_monsterinsights_sitenote_note":"","_monsterinsights_sitenote_category":0,"footnotes":""},"class_list":["post-1444","page","type-page","status-publish","hentry"],"acf":[],"_links":{"self":[{"href":"https:\/\/www.pharmin.sk\/sk\/wp-json\/wp\/v2\/pages\/1444","targetHints":{"allow":["GET"]}}],"collection":[{"href":"https:\/\/www.pharmin.sk\/sk\/wp-json\/wp\/v2\/pages"}],"about":[{"href":"https:\/\/www.pharmin.sk\/sk\/wp-json\/wp\/v2\/types\/page"}],"author":[{"embeddable":true,"href":"https:\/\/www.pharmin.sk\/sk\/wp-json\/wp\/v2\/users\/3"}],"replies":[{"embeddable":true,"href":"https:\/\/www.pharmin.sk\/sk\/wp-json\/wp\/v2\/comments?post=1444"}],"version-history":[{"count":0,"href":"https:\/\/www.pharmin.sk\/sk\/wp-json\/wp\/v2\/pages\/1444\/revisions"}],"wp:attachment":[{"href":"https:\/\/www.pharmin.sk\/sk\/wp-json\/wp\/v2\/media?parent=1444"}],"curies":[{"name":"wp","href":"https:\/\/api.w.org\/{rel}","templated":true}]}}