{"id":133,"date":"2018-09-19T14:33:04","date_gmt":"2018-09-19T12:33:04","guid":{"rendered":"http:\/\/www.pharmin.sk\/?page_id=133"},"modified":"2018-11-28T11:53:27","modified_gmt":"2018-11-28T10:53:27","slug":"pharm-info","status":"publish","type":"page","link":"https:\/\/www.pharmin.sk\/sk\/pharm-info\/","title":{"rendered":"Pharm-Info"},"content":{"rendered":"<h2 class=\"title\">\u010co je\u00a0<span class=\"italic\">Pharm-Info?<\/span><\/h2>\n<p class=\"perex\">Slu\u017eba Pharm-Info je spr\u00edstupnen\u00e1 <strong>len klientom a partnerom spolo\u010dnosti Pharm-In.<\/strong><\/p>\n<p class=\"text-info\">V pr\u00edpade, \u017ee m\u00e1te z\u00e1ujem o pr\u00edstup do sekcie a o z\u00edskavanie pravideln\u00e9ho informa\u010dn\u00e9ho servisu z oblasti liekovej politiky, kontaktujte n\u00e1s.<\/p>\n<h3 class=\"title\">Kontaktujte n\u00e1s<\/h3>\n<p class=\"text-info\">V\u00a0podstr\u00e1nke Pharm-Info sa nach\u00e1dzaj\u00fa aktu\u00e1lne inform\u00e1cie z oblasti registr\u00e1cie, kategoriz\u00e1cie liekov a legislat\u00edvy upravuj\u00facej liekov\u00fa politiku na Slovensku. Tu je mo\u017en\u00e9 stiahnu\u0165 aktu\u00e1lne formul\u00e1re, metodick\u00e9 pr\u00edru\u010dky a pokyny vr\u00e1tane term\u00ednov a postupov pri pod\u00e1van\u00ed \u017eiadost\u00ed tak, ako boli publikovan\u00e9 na str\u00e1nkach MZ SR a \u0160\u00daKL. Taktie\u017e tu n\u00e1jdete na\u0161e publikovan\u00e9 pr\u00e1ce a prezent\u00e1cie z r\u00f4znych podujat\u00ed.<\/p>\n","protected":false},"excerpt":{"rendered":"<p>\u010co je\u00a0Pharm-Info? Slu\u017eba Pharm-Info je spr\u00edstupnen\u00e1 len klientom a partnerom spolo\u010dnosti Pharm-In. V pr\u00edpade, \u017ee m\u00e1te z\u00e1ujem o pr\u00edstup do sekcie a o z\u00edskavanie pravideln\u00e9ho informa\u010dn\u00e9ho servisu z oblasti liekovej politiky, kontaktujte n\u00e1s. Kontaktujte n\u00e1s V\u00a0podstr\u00e1nke Pharm-Info sa nach\u00e1dzaj\u00fa aktu\u00e1lne inform\u00e1cie z oblasti registr\u00e1cie, kategoriz\u00e1cie liekov a legislat\u00edvy upravuj\u00facej liekov\u00fa politiku na Slovensku. Tu je<\/p>\n","protected":false},"author":1,"featured_media":0,"parent":0,"menu_order":0,"comment_status":"closed","ping_status":"closed","template":"template-pages\/page-clients.php","meta":{"_acf_changed":false,"_monsterinsights_skip_tracking":false,"_monsterinsights_sitenote_active":false,"_monsterinsights_sitenote_note":"","_monsterinsights_sitenote_category":0,"footnotes":""},"class_list":["post-133","page","type-page","status-publish","hentry"],"acf":[],"_links":{"self":[{"href":"https:\/\/www.pharmin.sk\/sk\/wp-json\/wp\/v2\/pages\/133","targetHints":{"allow":["GET"]}}],"collection":[{"href":"https:\/\/www.pharmin.sk\/sk\/wp-json\/wp\/v2\/pages"}],"about":[{"href":"https:\/\/www.pharmin.sk\/sk\/wp-json\/wp\/v2\/types\/page"}],"author":[{"embeddable":true,"href":"https:\/\/www.pharmin.sk\/sk\/wp-json\/wp\/v2\/users\/1"}],"replies":[{"embeddable":true,"href":"https:\/\/www.pharmin.sk\/sk\/wp-json\/wp\/v2\/comments?post=133"}],"version-history":[{"count":0,"href":"https:\/\/www.pharmin.sk\/sk\/wp-json\/wp\/v2\/pages\/133\/revisions"}],"wp:attachment":[{"href":"https:\/\/www.pharmin.sk\/sk\/wp-json\/wp\/v2\/media?parent=133"}],"curies":[{"name":"wp","href":"https:\/\/api.w.org\/{rel}","templated":true}]}}