{"id":1096,"date":"2018-10-18T20:50:28","date_gmt":"2018-10-18T18:50:28","guid":{"rendered":"http:\/\/www.pharmin.sk\/?page_id=1096"},"modified":"2019-05-23T14:55:17","modified_gmt":"2019-05-23T12:55:17","slug":"cookies","status":"publish","type":"page","link":"https:\/\/www.pharmin.sk\/sk\/cookies\/","title":{"rendered":"Cookies"},"content":{"rendered":"<h3 class=\"p1 title-2\"><span class=\"s1\"><b>Z\u00e1sady pou\u017e\u00edvania s\u00faborov cookies<\/b><\/span><\/h3>\n<p class=\"p2\"><span class=\"s1\">Dovo\u013eujeme si v\u00e1s informova\u0165 o pou\u017e\u00edvan\u00ed cookies a upriami\u0165 Va\u0161u pozornos\u0165 na<span class=\"Apple-converted-space\">\u00a0 <\/span>mo\u017enos\u0165 zmeny nastavenia svojho internetov\u00e9ho prehliada\u010da pre pr\u00edpad, \u017ee v\u00e1m aktu\u00e1lne nastavenie vyu\u017e\u00edvania cookies nevyhovuje.<\/span><\/p>\n<h3 class=\"p1 title-2\"><span class=\"s1\"><b>\u010co s\u00fa cookies?<\/b><\/span><\/h3>\n<p class=\"p2\"><span class=\"s1\">S\u00fabory cookies s\u00fa mal\u00e9 textov\u00e9 s\u00fabory, ktor\u00e9 m\u00f4\u017eu by\u0165 do internetov\u00e9ho prehliada\u010da odosielan\u00e9 pri n\u00e1v\u0161teve webov\u00fdch str\u00e1nok a\u00a0s\u00fa ukladan\u00e9 do v\u00e1\u0161ho zariadenia (po\u010d\u00edta\u010da alebo do in\u00e9ho zariadenia s pr\u00edstupom na internet, ako napr. smartphone alebo tablet). S\u00fabory cookies sa ukladaj\u00fa do prie\u010dinka pre s\u00fabory v\u00e1\u0161ho internetov\u00e9ho<span class=\"Apple-converted-space\">\u00a0 <\/span>prehliada\u010da. Cookies obvykle obsahuj\u00fa n\u00e1zov webovej str\u00e1nky, z ktorej poch\u00e1dzaj\u00fa a d\u00e1tum svojho vzniku. Pri \u010fal\u0161ej n\u00e1v\u0161teve str\u00e1nky webov\u00fd prehliada\u010d znovu na\u010d\u00edta s\u00fabory cookies a tieto inform\u00e1cie odo\u0161le sp\u00e4\u0165 webovej str\u00e1nke, ktor\u00e1 p\u00f4vodne cookies vytvorila. S\u00fabory cookies, ktor\u00e9 pou\u017e\u00edvame, nepo\u0161kodzuj\u00fa v\u00e1\u0161 po\u010d\u00edta\u010d.<\/span><\/p>\n<h3 class=\"p1 title-2\"><span class=\"s1\"><b>Pou\u017e\u00edvanie cookies<\/b><\/span><\/h3>\n<p class=\"p2\"><span class=\"s1\">Pou\u017e\u00edvan\u00edm str\u00e1nok spolo\u010dnosti Pharm-In vyjadrujete s\u00fahlas s pou\u017eit\u00edm cookies v s\u00falade s nastaven\u00edm v\u00e1\u0161ho internetov\u00e9ho prehliada\u010da. Ak nav\u0161t\u00edvite na\u0161e webov\u00e9 str\u00e1nky, v prehliada\u010di m\u00e1te povolen\u00e9 prij\u00edmanie s\u00faborov cookies, nevykon\u00e1te zmenu nastaven\u00ed v\u00e1\u0161ho internetov\u00e9ho prehliada\u010da a pokra\u010dujete v n\u00e1v\u0161teve na\u0161ich web str\u00e1nok, pova\u017eujeme to za prijatie na\u0161ich podmienok pou\u017e\u00edvania s\u00faborov cookies.<\/span><\/p>\n<h3 class=\"p1 title-2\"><span class=\"s1\"><b>Pre\u010do pou\u017e\u00edvame cookies?<\/b><\/span><\/h3>\n<p class=\"p2\"><span class=\"s1\">Cookies pou\u017e\u00edvame s cie\u013eom optim\u00e1lne vytv\u00e1ra\u0165 a neust\u00e1le skvalit\u0148ova\u0165 na\u0161e slu\u017eby, prisp\u00f4sobi\u0165 ich Va\u0161im z\u00e1ujmom a potreb\u00e1m a zlep\u0161ova\u0165 ich \u0161trukt\u00faru a obsah ako aj na vytv\u00e1ranie zauj\u00edmav\u00fdch pon\u00fak pre v\u00e1s. Pharm-In nepou\u017e\u00edva \u00fadaje z\u00edskan\u00e9 pou\u017e\u00edvan\u00edm cookies ako kontaktn\u00e9 \u00fadaje na kontaktovanie v\u00e1s prostredn\u00edctvom po\u0161ty, elektronickej po\u0161ty alebo telef\u00f3nu.<\/span><\/p>\n<h3 class=\"p1 title-2\"><span class=\"s1\"><b>Ako m\u00f4\u017eete nastavenia cookies zmeni\u0165?<\/b><\/span><\/h3>\n<p class=\"p2\"><span class=\"s1\">V\u00e4\u010d\u0161ina internetov\u00fdch prehliada\u010dov je p\u00f4vodne nastaven\u00e1 na automatick\u00e9 akceptovanie cookies. Toto nastavenie m\u00f4\u017eete zmeni\u0165 zablokovan\u00edm cookies alebo upozornen\u00edm v pr\u00edpade, \u017ee sa maj\u00fa cookies posla\u0165 do v\u00e1\u0161ho zariadenia. In\u0161trukcie na zmenu cookies n\u00e1jdete v ka\u017edom prehliada\u010di. Ak pou\u017e\u00edvate rozli\u010dn\u00e9 zariadenia na pr\u00edstup k str\u00e1nkam (napr. po\u010d\u00edta\u010d, smartphone, tablet), odpor\u00fa\u010dame ka\u017ed\u00fd prehliada\u010d na ka\u017edom zariaden\u00ed prisp\u00f4sobi\u0165 Va\u0161im preferenci\u00e1m cookies.<\/span><\/p>\n<h3 class=\"p1 title-2\"><span class=\"s1\"><b>Pre\u010do si ponecha\u0165 nastavenie cookies?<\/b><\/span><\/h3>\n<p class=\"p2\"><span class=\"s1\">Pou\u017e\u00edvanie cookies a ich povolenie vo webovom prehliada\u010di je na Va\u0161om rozhodnut\u00ed. V pr\u00edpade zmeny ich nastavenia v\u0161ak m\u00f4\u017eu ma\u0165 niektor\u00e9 na\u0161e webov\u00e9 str\u00e1nky obmedzen\u00fa funk\u010dnos\u0165 a zn\u00ed\u017een\u00fd u\u017e\u00edvate\u013esk\u00fd komfort.<\/span><\/p>\n","protected":false},"excerpt":{"rendered":"<p>Z\u00e1sady pou\u017e\u00edvania s\u00faborov cookies Dovo\u013eujeme si v\u00e1s informova\u0165 o pou\u017e\u00edvan\u00ed cookies a upriami\u0165 Va\u0161u pozornos\u0165 na\u00a0 mo\u017enos\u0165 zmeny nastavenia svojho internetov\u00e9ho prehliada\u010da pre pr\u00edpad, \u017ee v\u00e1m aktu\u00e1lne nastavenie vyu\u017e\u00edvania cookies nevyhovuje. \u010co s\u00fa cookies? S\u00fabory cookies s\u00fa mal\u00e9 textov\u00e9 s\u00fabory, ktor\u00e9 m\u00f4\u017eu by\u0165 do internetov\u00e9ho prehliada\u010da odosielan\u00e9 pri n\u00e1v\u0161teve webov\u00fdch str\u00e1nok a\u00a0s\u00fa ukladan\u00e9 do v\u00e1\u0161ho<\/p>\n","protected":false},"author":1,"featured_media":0,"parent":0,"menu_order":0,"comment_status":"closed","ping_status":"closed","template":"","meta":{"_acf_changed":false,"_monsterinsights_skip_tracking":false,"_monsterinsights_sitenote_active":false,"_monsterinsights_sitenote_note":"","_monsterinsights_sitenote_category":0,"footnotes":""},"class_list":["post-1096","page","type-page","status-publish","hentry"],"acf":[],"_links":{"self":[{"href":"https:\/\/www.pharmin.sk\/sk\/wp-json\/wp\/v2\/pages\/1096","targetHints":{"allow":["GET"]}}],"collection":[{"href":"https:\/\/www.pharmin.sk\/sk\/wp-json\/wp\/v2\/pages"}],"about":[{"href":"https:\/\/www.pharmin.sk\/sk\/wp-json\/wp\/v2\/types\/page"}],"author":[{"embeddable":true,"href":"https:\/\/www.pharmin.sk\/sk\/wp-json\/wp\/v2\/users\/1"}],"replies":[{"embeddable":true,"href":"https:\/\/www.pharmin.sk\/sk\/wp-json\/wp\/v2\/comments?post=1096"}],"version-history":[{"count":0,"href":"https:\/\/www.pharmin.sk\/sk\/wp-json\/wp\/v2\/pages\/1096\/revisions"}],"wp:attachment":[{"href":"https:\/\/www.pharmin.sk\/sk\/wp-json\/wp\/v2\/media?parent=1096"}],"curies":[{"name":"wp","href":"https:\/\/api.w.org\/{rel}","templated":true}]}}