{"id":1086,"date":"2018-10-18T18:19:07","date_gmt":"2018-10-18T16:19:07","guid":{"rendered":"http:\/\/www.pharmin.sk\/?page_id=1086"},"modified":"2018-10-18T20:39:26","modified_gmt":"2018-10-18T18:39:26","slug":"institucie","status":"publish","type":"page","link":"https:\/\/www.pharmin.sk\/sk\/institucie\/","title":{"rendered":"In\u0161tit\u00facie"},"content":{"rendered":"<h3 class=\"title-2\">In\u0161tit\u00facie<\/h3>\n<ul>\n<li>Ministerstvo zdravotn\u00edctva Slovenskej republiky- www.mzsr.sk<\/li>\n<li>\u0160\u00daKL- www.sukl.sk<\/li>\n<li>Ministerstvo financi\u00ed Slovenskej republiky \u2013 www.mfsr.sk<\/li>\n<li>\u0160tatistick\u00fd \u00farad Slovenskej republiky- http:\/\/portal.statistics.sk<\/li>\n<li>N\u00e1rodn\u00e9 centrum zdravotn\u00edckych inform\u00e1ci\u00ed (NCZI) \u2013 www.nczi.sk<\/li>\n<li>WHO (kancel\u00e1ria v SR) &#8211; www.who.sk<\/li>\n<li>WHO (Regional Office for Europe) &#8211; www.euro.who.int<\/li>\n<li>Slovensk\u00e1 spolo\u010dnos\u0165 pre farmakoekonomiku &#8211; www.farmako-ekonomika.sk<\/li>\n<li>ISPOR- www.ispor.org<\/li>\n<\/ul>\n<h3 class=\"title-2\">Ekonomick\u00e9 \u00fadaje (SR)<\/h3>\n<ul>\n<li>NBS (N\u00e1rodn\u00e1 banka Slovenska) &#8211; www.nbs.sk<\/li>\n<li>\u0160tatistick\u00fd \u00farad SR &#8211; www.statistics.sk<\/li>\n<li>Ministerstvo financi\u00ed SR &#8211; www.finance.gov.sk<\/li>\n<li>\u00darad vl\u00e1dy SR &#8211; www.vlada.gov.sk<\/li>\n<li>INEKO (In\u0161tit\u00fat pre ekonomick\u00e9 a soci\u00e1lne reformy) &#8211; www.ineko.sk\/index.php<\/li>\n<li>SR a OECD &#8211; www.vlada.gov.sk\/oecd<\/li>\n<li>Finance SK &#8211; www.finance.sk<\/li>\n<li>O peniazoch (finan\u010dn\u00e9 centrum) &#8211; http:\/\/openiazoch.zoznam.sk\/zivot\/makro\/ukazovatele.asp<\/li>\n<li>Finan\u010dn\u00edk &#8211; www.financnik.sk\/financie.php?did=makroekonomicke-ukazovatele<\/li>\n<li>Eurostat &#8211; http:\/\/epp.eurostat.ec.europa.eu\/portal\/page\/portal\/eurostat\/home\/<\/li>\n<li>OECD &#8211; http:\/\/www.oecd.org<\/li>\n<\/ul>\n<h3 class=\"title-2\">Zdravotn\u00edcke \u00fadaje<\/h3>\n<ul>\n<li>OECD (Health Policy and Data) &#8211; http:\/\/www.oecd.org\/els\/healthpoliciesanddata\/<\/li>\n<li>HPI (Health Policy Institute) &#8211; www.hpi.sk<\/li>\n<li>EurActiv (SK) &#8211; http:\/\/www.euractiv.sk\/zdravotnictvo<\/li>\n<li>NCZI (N\u00e1rodne centrum zdravotn\u00edckych inform\u00e1ci\u00ed) &#8211; www.nczisk.sk<\/li>\n<\/ul>\n","protected":false},"excerpt":{"rendered":"<p>In\u0161tit\u00facie Ministerstvo zdravotn\u00edctva Slovenskej republiky- www.mzsr.sk \u0160\u00daKL- www.sukl.sk Ministerstvo financi\u00ed Slovenskej republiky \u2013 www.mfsr.sk \u0160tatistick\u00fd \u00farad Slovenskej republiky- http:\/\/portal.statistics.sk N\u00e1rodn\u00e9 centrum zdravotn\u00edckych inform\u00e1ci\u00ed (NCZI) \u2013 www.nczi.sk WHO (kancel\u00e1ria v SR) &#8211; www.who.sk WHO (Regional Office for Europe) &#8211; www.euro.who.int Slovensk\u00e1 spolo\u010dnos\u0165 pre farmakoekonomiku &#8211; www.farmako-ekonomika.sk ISPOR- www.ispor.org Ekonomick\u00e9 \u00fadaje (SR) NBS (N\u00e1rodn\u00e1 banka Slovenska) &#8211;<\/p>\n","protected":false},"author":1,"featured_media":0,"parent":0,"menu_order":0,"comment_status":"closed","ping_status":"closed","template":"template-pages\/page-default.php","meta":{"_acf_changed":false,"_monsterinsights_skip_tracking":false,"_monsterinsights_sitenote_active":false,"_monsterinsights_sitenote_note":"","_monsterinsights_sitenote_category":0,"footnotes":""},"class_list":["post-1086","page","type-page","status-publish","hentry"],"acf":[],"_links":{"self":[{"href":"https:\/\/www.pharmin.sk\/sk\/wp-json\/wp\/v2\/pages\/1086","targetHints":{"allow":["GET"]}}],"collection":[{"href":"https:\/\/www.pharmin.sk\/sk\/wp-json\/wp\/v2\/pages"}],"about":[{"href":"https:\/\/www.pharmin.sk\/sk\/wp-json\/wp\/v2\/types\/page"}],"author":[{"embeddable":true,"href":"https:\/\/www.pharmin.sk\/sk\/wp-json\/wp\/v2\/users\/1"}],"replies":[{"embeddable":true,"href":"https:\/\/www.pharmin.sk\/sk\/wp-json\/wp\/v2\/comments?post=1086"}],"version-history":[{"count":0,"href":"https:\/\/www.pharmin.sk\/sk\/wp-json\/wp\/v2\/pages\/1086\/revisions"}],"wp:attachment":[{"href":"https:\/\/www.pharmin.sk\/sk\/wp-json\/wp\/v2\/media?parent=1086"}],"curies":[{"name":"wp","href":"https:\/\/api.w.org\/{rel}","templated":true}]}}